{"id":68157,"date":"2025-03-31T17:54:47","date_gmt":"2025-03-31T17:54:47","guid":{"rendered":"https:\/\/welfarecoworking.com\/?page_id=68157"},"modified":"2025-03-31T17:56:58","modified_gmt":"2025-03-31T17:56:58","slug":"accesibilidad","status":"publish","type":"page","link":"https:\/\/welfarecoworking.com\/ca\/accesibilidad\/","title":{"rendered":"Accessibilitat"},"content":{"rendered":"<div data-elementor-type=\"wp-page\" data-elementor-id=\"68157\" class=\"elementor elementor-68157\" data-elementor-post-type=\"page\">\n\t\t\t\t\t\t<section class=\"elementor-section elementor-top-section elementor-element elementor-element-7ef86bc8 elementor-section-boxed elementor-section-height-default elementor-section-height-default sc_fly_static\" data-id=\"7ef86bc8\" data-element_type=\"section\" data-e-type=\"section\">\n\t\t\t\t\t\t<div class=\"elementor-container elementor-column-gap-extended\">\n\t\t\t\t\t<div class=\"elementor-column elementor-col-100 elementor-top-column elementor-element elementor-element-19372eea sc_content_align_inherit sc_layouts_column_icons_position_left sc_fly_static\" data-id=\"19372eea\" data-element_type=\"column\" data-e-type=\"column\">\n\t\t\t<div class=\"elementor-widget-wrap elementor-element-populated\">\n\t\t\t\t\t\t<div class=\"elementor-element elementor-element-690b98ed sc_fly_static elementor-widget elementor-widget-spacer\" data-id=\"690b98ed\" data-element_type=\"widget\" data-e-type=\"widget\" data-widget_type=\"spacer.default\">\n\t\t\t\t<div class=\"elementor-widget-container\">\n\t\t\t\t\t\t\t<div class=\"elementor-spacer\">\n\t\t\t<div class=\"elementor-spacer-inner\"><\/div>\n\t\t<\/div>\n\t\t\t\t\t\t<\/div>\n\t\t\t\t<\/div>\n\t\t\t\t\t<\/div>\n\t\t<\/div>\n\t\t\t\t\t<\/div>\n\t\t<\/section>\n\t\t\t\t<section class=\"elementor-section elementor-top-section elementor-element elementor-element-0a1960d elementor-section-boxed elementor-section-height-default elementor-section-height-default sc_fly_static\" data-id=\"0a1960d\" data-element_type=\"section\" data-e-type=\"section\">\n\t\t\t\t\t\t<div class=\"elementor-container elementor-column-gap-extended\">\n\t\t\t\t\t<div class=\"elementor-column elementor-col-100 elementor-top-column elementor-element elementor-element-a0212a6 sc_content_align_inherit sc_layouts_column_icons_position_left sc_fly_static\" data-id=\"a0212a6\" data-element_type=\"column\" data-e-type=\"column\">\n\t\t\t<div class=\"elementor-widget-wrap elementor-element-populated\">\n\t\t\t\t\t\t<div class=\"elementor-element elementor-element-59e4e98 sc_fly_static elementor-widget elementor-widget-html\" data-id=\"59e4e98\" data-element_type=\"widget\" data-e-type=\"widget\" data-widget_type=\"html.default\">\n\t\t\t\t<div class=\"elementor-widget-container\">\n\t\t\t\t\t<div class=\"accesibilidad\">\r\n  <h1>Declaraci\u00f3n de Accesibilidad<\/h1>\r\n  <p>\r\n    El propietario del sitio web se ha comprometido en hacer accesible su sitio web de conformidad con el Real Decreto 1112\/2018, de 7 de septiembre, sobre accesibilidad de los sitios web y aplicaciones para dispositivos m\u00f3viles del sector p\u00fablico (en adelante, Real Decreto 1112\/2018, de 7 de septiembre), por el que se traspone la Directiva (UE) 2016\/2102 del Parlamento Europeo y del Consejo, de 26 de octubre de 2016. La presente declaraci\u00f3n aplica a este sitio web, subdominio del web institucional upc.edu.\r\n  <\/p>\r\n\r\n  <h2>Situaci\u00f3n de Cumplimiento<\/h2>\r\n  <p>\r\n    Este sitio web es parcialmente conforme con el Real Decreto 1112\/2018, de 7 de septiembre, a causa de las excepciones y la falta de conformidad de los aspectos que se indican a continuaci\u00f3n.\r\n  <\/p>\r\n\r\n  <h2>Contenido no Accesible<\/h2>\r\n  <p>\r\n    El contenido que se recoge a continuaci\u00f3n no es accesible por los siguientes motivos:\r\n  <\/p>\r\n  <ul>\r\n    <li>\r\n      <strong>Im\u00e1genes:<\/strong> Algunas im\u00e1genes no est\u00e1n etiquetadas o tienen una alternativa textual gen\u00e9rica \r\n      [requisito n\u00famero 9.1.1.1 de la norma UNE-EN 301549:2019 Contenido no textual].\r\n    <\/li>\r\n    <li>\r\n      <strong>V\u00eddeos:<\/strong> Algunos v\u00eddeos grabados pueden no contener subt\u00edtulos \r\n      [requisito n\u00famero 9.1.2.2 de la norma UNE-EN 301549:2019 subt\u00edtulos (grabados)].\r\n    <\/li>\r\n    <li>\r\n      <strong>V\u00eddeos Pregrabados:<\/strong> Algunos videos pregrabados en el sitio web no disponen de audio descripci\u00f3n o medios alternativos \r\n      [requisitos n\u00fameros 9.1.2.5 y 9.1.2.3 de la norma UNE-EN 301549:2019 Audio descripci\u00f3n o medios alternativos (grabado)].\r\n    <\/li>\r\n    <li>\r\n      <strong>Estructura e Informaci\u00f3n:<\/strong> En algunas p\u00e1ginas la informaci\u00f3n, estructura y relaciones no est\u00e1n determinadas por software o no tienen alternativa como texto \r\n      [requisito n\u00famero 9.1.3.1 de la UNE-EN 301549:2019 de informaci\u00f3n y relaciones].\r\n    <\/li>\r\n    <li>\r\n      <strong>Uso del Color:<\/strong> En algunas p\u00e1ginas se ha utilizado el color como \u00fanico medio visual para transmitir informaci\u00f3n, indicar una acci\u00f3n, provocar una respuesta o distinguir un elemento visual \r\n      [requisito n\u00famero 9.1.4.1 de la norma UNE-EN 301549:2019 uso del color].\r\n    <\/li>\r\n    <li>\r\n      <strong>Atributos e Identificadores:<\/strong> En algunas p\u00e1ginas puede haber atributos e identificadores duplicados \r\n      [requisito n\u00famero 9.4.1.1 de la norma UNE-EN 301549:2019 procesamiento].\r\n    <\/li>\r\n    <li>\r\n      <strong>Componentes de Interfaz:<\/strong> En algunas p\u00e1ginas los componentes de interfaz de usuario como elementos de formulario, enlaces y componentes generados por script no siguen la estructura recomendada por las pautas de accesibilidad \r\n      [requisito n\u00famero 9.4.1.2 de la norma UNE-EN 301549:2019 Nombre, funci\u00f3n, valor].\r\n    <\/li>\r\n    <li>\r\n      <strong>Identificaci\u00f3n del Prop\u00f3sito:<\/strong> En algunos formularios el campo de entrada que recopila informaci\u00f3n sobre el usuario no tiene identificado el prop\u00f3sito \r\n      [requisito n\u00famero 9.1.3.5 de la norma UNE-EN 301549:2019 identificaci\u00f3n del prop\u00f3sito de entrada].\r\n    <\/li>\r\n    <li>\r\n      <strong>Contraste M\u00ednimo:<\/strong> En algunas p\u00e1ginas la relaci\u00f3n de contraste en texto o im\u00e1genes podr\u00eda no ser de al menos 4.5:1 \r\n      [requisito n\u00famero 9.1.4.3 de la norma UNE-EN 301549:2019 contraste m\u00ednimo].\r\n    <\/li>\r\n    <li>\r\n      <strong>Contraste de Componentes:<\/strong> En algunas p\u00e1ginas el contraste de los componentes de interfaz de usuario y de objetos gr\u00e1ficos podr\u00eda no llegar al 3:1 con los colores adyacentes \r\n      [requisito n\u00famero 9.1.4.11 de la norma UNE-EN 301549:2019 contraste no textual].\r\n    <\/li>\r\n    <li>\r\n      <strong>Error en Formularios:<\/strong> De manera puntual podr\u00eda existir alg\u00fan error de entrada en alg\u00fan campo\/formulario del que no se notificase al usuario la sugerencia para solucionarlo \r\n      [requisito n\u00famero 9.3.3.3 de la norma UNE-EN 301549:2019 Sugerencia ante errores].\r\n    <\/li>\r\n    <li>\r\n      <strong>Mensajes de Estado:<\/strong> En algunas p\u00e1ginas los mensajes de estado podr\u00edan no estar determinados mediante programaci\u00f3n a trav\u00e9s de funciones o propiedades \r\n      [requisito n\u00famero 9.4.1.3 de la norma UNE-EN 301549:2019 mensajes de estado].\r\n    <\/li>\r\n  <\/ul>\r\n\r\n  <h2>Carga Desproporcionada<\/h2>\r\n  <p>\r\n    No aplica. El contenido no entra dentro del \u00e1mbito de la legislaci\u00f3n aplicable. Podr\u00edan existir archivos ofim\u00e1ticos en PDF u otros formatos publicados antes del 20 de septiembre de 2018 que no cumplan \u00edntegramente todos los requisitos de accesibilidad. Puede haber contenidos de terceros que no est\u00e9n desarrollados por esta Universidad o que no est\u00e9n bajo su control, como por ejemplo, archivos ofim\u00e1ticos.\r\n  <\/p>\r\n\r\n  <h2>Observaciones y Datos de Contacto<\/h2>\r\n  <p>\r\n    Se pueden realizar comunicaciones sobre requisitos de accesibilidad (art\u00edculo 10.2.a del Real Decreto 1112\/2018, de 7 de septiembre), a trav\u00e9s del formulario de contacto, para:\r\n  <\/p>\r\n  <ul>\r\n    <li>Informar sobre cualquier posible incumplimiento por parte de este sitio web.<\/li>\r\n    <li>Transmitir otras dificultades de acceso al contenido.<\/li>\r\n    <li>Formular cualquier otra consulta o sugerencia de mejora relativa a la accesibilidad del sitio web.<\/li>\r\n  <\/ul>\r\n  <p>\r\n    Las comunicaciones ser\u00e1n recibidas y tratadas por la Unidad Responsable de Accesibilidad.\r\n  <\/p>\r\n<\/div>\r\n\t\t\t\t<\/div>\n\t\t\t\t<\/div>\n\t\t\t\t\t<\/div>\n\t\t<\/div>\n\t\t\t\t\t<\/div>\n\t\t<\/section>\n\t\t\t\t<\/div>","protected":false},"excerpt":{"rendered":"<p>Declaraci\u00f3n de Accesibilidad El propietario del sitio web se ha comprometido en hacer accesible su sitio web de conformidad con el Real Decreto 1112\/2018, de 7 de septiembre, sobre accesibilidad&hellip;<\/p>","protected":false},"author":1,"featured_media":0,"parent":0,"menu_order":0,"comment_status":"closed","ping_status":"closed","template":"","meta":{"footnotes":""},"class_list":["post-68157","page","type-page","status-publish","hentry"],"yoast_head":"<!-- This site is optimized with the Yoast SEO plugin v25.2 - https:\/\/yoast.com\/wordpress\/plugins\/seo\/ -->\n<title>Accesibilidad | Welfare<\/title>\n<meta name=\"description\" content=\"Declaraci\u00f3n de Accesibilidad El propietario del sitio web se ha comprometido en hacer accesible su sitio web de conformidad con el Real Decreto 1112\/2018,\" \/>\n<meta name=\"robots\" content=\"index, follow, max-snippet:-1, max-image-preview:large, max-video-preview:-1\" \/>\n<link rel=\"canonical\" href=\"https:\/\/welfarecoworking.com\/ca\/accesibilidad\/\" \/>\n<meta property=\"og:locale\" content=\"ca_ES\" \/>\n<meta property=\"og:type\" content=\"article\" \/>\n<meta property=\"og:title\" content=\"Accesibilidad | Welfare\" \/>\n<meta property=\"og:description\" content=\"Declaraci\u00f3n de Accesibilidad El propietario del sitio web se ha comprometido en hacer accesible su sitio web de conformidad con el Real Decreto 1112\/2018,\" \/>\n<meta property=\"og:url\" content=\"https:\/\/welfarecoworking.com\/ca\/accesibilidad\/\" \/>\n<meta property=\"og:site_name\" content=\"Welfare\" \/>\n<meta property=\"article:publisher\" content=\"https:\/\/www.facebook.com\/profile.php?id=100064279053927#\" \/>\n<meta property=\"article:modified_time\" content=\"2025-03-31T17:56:58+00:00\" \/>\n<meta property=\"og:image\" content=\"https:\/\/welfarecoworking.com\/wp-content\/uploads\/2025\/04\/ChatGPT-Image-4-abr-2025-19_24_25-1-1.png\" \/>\n\t<meta property=\"og:image:width\" content=\"1200\" \/>\n\t<meta property=\"og:image:height\" content=\"630\" \/>\n\t<meta property=\"og:image:type\" content=\"image\/png\" \/>\n<meta name=\"twitter:card\" content=\"summary_large_image\" \/>\n<meta name=\"twitter:site\" content=\"@themes_ancora\" \/>\n<meta name=\"twitter:label1\" content=\"Temps estimat de lectura\" \/>\n\t<meta name=\"twitter:data1\" content=\"3 minuts\" \/>\n<script type=\"application\/ld+json\" class=\"yoast-schema-graph\">{\"@context\":\"https:\/\/schema.org\",\"@graph\":[{\"@type\":\"WebPage\",\"@id\":\"https:\/\/welfarecoworking.com\/accesibilidad\/\",\"url\":\"https:\/\/welfarecoworking.com\/accesibilidad\/\",\"name\":\"Accesibilidad | Welfare\",\"isPartOf\":{\"@id\":\"https:\/\/welfarecoworking.com\/#website\"},\"datePublished\":\"2025-03-31T17:54:47+00:00\",\"dateModified\":\"2025-03-31T17:56:58+00:00\",\"description\":\"Declaraci\u00f3n de Accesibilidad El propietario del sitio web se ha comprometido en hacer accesible su sitio web de conformidad con el Real Decreto 1112\/2018,\",\"breadcrumb\":{\"@id\":\"https:\/\/welfarecoworking.com\/accesibilidad\/#breadcrumb\"},\"inLanguage\":\"ca\",\"potentialAction\":[{\"@type\":\"ReadAction\",\"target\":[\"https:\/\/welfarecoworking.com\/accesibilidad\/\"]}]},{\"@type\":\"BreadcrumbList\",\"@id\":\"https:\/\/welfarecoworking.com\/accesibilidad\/#breadcrumb\",\"itemListElement\":[{\"@type\":\"ListItem\",\"position\":1,\"name\":\"Portada\",\"item\":\"https:\/\/welfarecoworking.com\/\"},{\"@type\":\"ListItem\",\"position\":2,\"name\":\"Accesibilidad\"}]},{\"@type\":\"WebSite\",\"@id\":\"https:\/\/welfarecoworking.com\/#website\",\"url\":\"https:\/\/welfarecoworking.com\/\",\"name\":\"Welfare Coworking\",\"description\":\"Fitness Health Coworking\",\"publisher\":{\"@id\":\"https:\/\/welfarecoworking.com\/#organization\"},\"potentialAction\":[{\"@type\":\"SearchAction\",\"target\":{\"@type\":\"EntryPoint\",\"urlTemplate\":\"https:\/\/welfarecoworking.com\/?s={search_term_string}\"},\"query-input\":{\"@type\":\"PropertyValueSpecification\",\"valueRequired\":true,\"valueName\":\"search_term_string\"}}],\"inLanguage\":\"ca\"},{\"@type\":\"Organization\",\"@id\":\"https:\/\/welfarecoworking.com\/#organization\",\"name\":\"Welfare Coworking\",\"url\":\"https:\/\/welfarecoworking.com\/\",\"logo\":{\"@type\":\"ImageObject\",\"inLanguage\":\"ca\",\"@id\":\"https:\/\/welfarecoworking.com\/#\/schema\/logo\/image\/\",\"url\":\"https:\/\/welfarecoworking.com\/wp-content\/uploads\/2025\/03\/cropped-favicon-1.png\",\"contentUrl\":\"https:\/\/welfarecoworking.com\/wp-content\/uploads\/2025\/03\/cropped-favicon-1.png\",\"width\":93,\"height\":77,\"caption\":\"Welfare Coworking\"},\"image\":{\"@id\":\"https:\/\/welfarecoworking.com\/#\/schema\/logo\/image\/\"},\"sameAs\":[\"https:\/\/www.facebook.com\/profile.php?id=100064279053927#\",\"https:\/\/x.com\/themes_ancora\"]}]}<\/script>\n<!-- \/ Yoast SEO plugin. -->","yoast_head_json":{"title":"Accesibilidad | Welfare","description":"Declaraci\u00f3n de Accesibilidad El propietario del sitio web se ha comprometido en hacer accesible su sitio web de conformidad con el Real Decreto 1112\/2018,","robots":{"index":"index","follow":"follow","max-snippet":"max-snippet:-1","max-image-preview":"max-image-preview:large","max-video-preview":"max-video-preview:-1"},"canonical":"https:\/\/welfarecoworking.com\/ca\/accesibilidad\/","og_locale":"ca_ES","og_type":"article","og_title":"Accesibilidad | Welfare","og_description":"Declaraci\u00f3n de Accesibilidad El propietario del sitio web se ha comprometido en hacer accesible su sitio web de conformidad con el Real Decreto 1112\/2018,","og_url":"https:\/\/welfarecoworking.com\/ca\/accesibilidad\/","og_site_name":"Welfare","article_publisher":"https:\/\/www.facebook.com\/profile.php?id=100064279053927#","article_modified_time":"2025-03-31T17:56:58+00:00","og_image":[{"width":1200,"height":630,"url":"https:\/\/welfarecoworking.com\/wp-content\/uploads\/2025\/04\/ChatGPT-Image-4-abr-2025-19_24_25-1-1.png","type":"image\/png"}],"twitter_card":"summary_large_image","twitter_site":"@themes_ancora","twitter_misc":{"Temps estimat de lectura":"3 minuts"},"schema":{"@context":"https:\/\/schema.org","@graph":[{"@type":"WebPage","@id":"https:\/\/welfarecoworking.com\/accesibilidad\/","url":"https:\/\/welfarecoworking.com\/accesibilidad\/","name":"Accesibilidad | Welfare","isPartOf":{"@id":"https:\/\/welfarecoworking.com\/#website"},"datePublished":"2025-03-31T17:54:47+00:00","dateModified":"2025-03-31T17:56:58+00:00","description":"Declaraci\u00f3n de Accesibilidad El propietario del sitio web se ha comprometido en hacer accesible su sitio web de conformidad con el Real Decreto 1112\/2018,","breadcrumb":{"@id":"https:\/\/welfarecoworking.com\/accesibilidad\/#breadcrumb"},"inLanguage":"ca","potentialAction":[{"@type":"ReadAction","target":["https:\/\/welfarecoworking.com\/accesibilidad\/"]}]},{"@type":"BreadcrumbList","@id":"https:\/\/welfarecoworking.com\/accesibilidad\/#breadcrumb","itemListElement":[{"@type":"ListItem","position":1,"name":"Portada","item":"https:\/\/welfarecoworking.com\/"},{"@type":"ListItem","position":2,"name":"Accesibilidad"}]},{"@type":"WebSite","@id":"https:\/\/welfarecoworking.com\/#website","url":"https:\/\/welfarecoworking.com\/","name":"Welfare Coworking","description":"Fitness Health Coworking","publisher":{"@id":"https:\/\/welfarecoworking.com\/#organization"},"potentialAction":[{"@type":"SearchAction","target":{"@type":"EntryPoint","urlTemplate":"https:\/\/welfarecoworking.com\/?s={search_term_string}"},"query-input":{"@type":"PropertyValueSpecification","valueRequired":true,"valueName":"search_term_string"}}],"inLanguage":"ca"},{"@type":"Organization","@id":"https:\/\/welfarecoworking.com\/#organization","name":"Welfare Coworking","url":"https:\/\/welfarecoworking.com\/","logo":{"@type":"ImageObject","inLanguage":"ca","@id":"https:\/\/welfarecoworking.com\/#\/schema\/logo\/image\/","url":"https:\/\/welfarecoworking.com\/wp-content\/uploads\/2025\/03\/cropped-favicon-1.png","contentUrl":"https:\/\/welfarecoworking.com\/wp-content\/uploads\/2025\/03\/cropped-favicon-1.png","width":93,"height":77,"caption":"Welfare Coworking"},"image":{"@id":"https:\/\/welfarecoworking.com\/#\/schema\/logo\/image\/"},"sameAs":["https:\/\/www.facebook.com\/profile.php?id=100064279053927#","https:\/\/x.com\/themes_ancora"]}]}},"_links":{"self":[{"href":"https:\/\/welfarecoworking.com\/ca\/wp-json\/wp\/v2\/pages\/68157","targetHints":{"allow":["GET"]}}],"collection":[{"href":"https:\/\/welfarecoworking.com\/ca\/wp-json\/wp\/v2\/pages"}],"about":[{"href":"https:\/\/welfarecoworking.com\/ca\/wp-json\/wp\/v2\/types\/page"}],"author":[{"embeddable":true,"href":"https:\/\/welfarecoworking.com\/ca\/wp-json\/wp\/v2\/users\/1"}],"replies":[{"embeddable":true,"href":"https:\/\/welfarecoworking.com\/ca\/wp-json\/wp\/v2\/comments?post=68157"}],"version-history":[{"count":0,"href":"https:\/\/welfarecoworking.com\/ca\/wp-json\/wp\/v2\/pages\/68157\/revisions"}],"wp:attachment":[{"href":"https:\/\/welfarecoworking.com\/ca\/wp-json\/wp\/v2\/media?parent=68157"}],"curies":[{"name":"wp","href":"https:\/\/api.w.org\/{rel}","templated":true}]}}