{"id":68157,"date":"2025-03-31T17:54:47","date_gmt":"2025-03-31T17:54:47","guid":{"rendered":"https:\/\/welfarecoworking.com\/?page_id=68157"},"modified":"2025-03-31T17:56:58","modified_gmt":"2025-03-31T17:56:58","slug":"accesibilidad","status":"publish","type":"page","link":"https:\/\/welfarecoworking.com\/fr\/accesibilidad\/","title":{"rendered":"Accessibilit\u00e9"},"content":{"rendered":"<div data-elementor-type=\"wp-page\" data-elementor-id=\"68157\" class=\"elementor elementor-68157\" data-elementor-post-type=\"page\">\n\t\t\t\t\t\t<section class=\"elementor-section elementor-top-section elementor-element elementor-element-7ef86bc8 elementor-section-boxed elementor-section-height-default elementor-section-height-default sc_fly_static\" data-id=\"7ef86bc8\" data-element_type=\"section\" data-e-type=\"section\">\n\t\t\t\t\t\t<div class=\"elementor-container elementor-column-gap-extended\">\n\t\t\t\t\t<div class=\"elementor-column elementor-col-100 elementor-top-column elementor-element elementor-element-19372eea sc_content_align_inherit sc_layouts_column_icons_position_left sc_fly_static\" data-id=\"19372eea\" data-element_type=\"column\" data-e-type=\"column\">\n\t\t\t<div class=\"elementor-widget-wrap elementor-element-populated\">\n\t\t\t\t\t\t<div class=\"elementor-element elementor-element-690b98ed sc_fly_static elementor-widget elementor-widget-spacer\" data-id=\"690b98ed\" data-element_type=\"widget\" data-e-type=\"widget\" data-widget_type=\"spacer.default\">\n\t\t\t\t<div class=\"elementor-widget-container\">\n\t\t\t\t\t\t\t<div class=\"elementor-spacer\">\n\t\t\t<div class=\"elementor-spacer-inner\"><\/div>\n\t\t<\/div>\n\t\t\t\t\t\t<\/div>\n\t\t\t\t<\/div>\n\t\t\t\t\t<\/div>\n\t\t<\/div>\n\t\t\t\t\t<\/div>\n\t\t<\/section>\n\t\t\t\t<section class=\"elementor-section elementor-top-section elementor-element elementor-element-0a1960d elementor-section-boxed elementor-section-height-default elementor-section-height-default sc_fly_static\" data-id=\"0a1960d\" data-element_type=\"section\" data-e-type=\"section\">\n\t\t\t\t\t\t<div class=\"elementor-container elementor-column-gap-extended\">\n\t\t\t\t\t<div class=\"elementor-column elementor-col-100 elementor-top-column elementor-element elementor-element-a0212a6 sc_content_align_inherit sc_layouts_column_icons_position_left sc_fly_static\" data-id=\"a0212a6\" data-element_type=\"column\" data-e-type=\"column\">\n\t\t\t<div class=\"elementor-widget-wrap elementor-element-populated\">\n\t\t\t\t\t\t<div class=\"elementor-element elementor-element-59e4e98 sc_fly_static elementor-widget elementor-widget-html\" data-id=\"59e4e98\" data-element_type=\"widget\" data-e-type=\"widget\" data-widget_type=\"html.default\">\n\t\t\t\t<div class=\"elementor-widget-container\">\n\t\t\t\t\t<div class=\"accesibilidad\">\r\n  <h1>D\u00e9claration d&#039;accessibilit\u00e9<\/h1>\r\n  <p>\r\n    Fran\u00e7ais Le propri\u00e9taire du site Web s&#039;est engag\u00e9 \u00e0 rendre son site Web accessible conform\u00e9ment au d\u00e9cret royal 1112\/2018, du 7 septembre, sur l&#039;accessibilit\u00e9 des sites Web et des applications pour appareils mobiles dans le secteur public (ci-apr\u00e8s, d\u00e9cret royal 1112\/2018, du 7 septembre), qui transpose la directive (UE) 2016\/2102 du Parlement europ\u00e9en et du Conseil, du 26 octobre 2016. Cette d\u00e9claration s&#039;applique \u00e0 ce site Web, un sous-domaine du site Web institutionnel upc.edu.\r\n  <\/p>\r\n\r\n  <h2>\u00c9tat de conformit\u00e9<\/h2>\r\n  <p>\r\n    Ce site Web est partiellement conforme au d\u00e9cret royal 1112\/2018 du 7 septembre, en raison des exceptions et du non-respect des aspects indiqu\u00e9s ci-dessous.\r\n  <\/p>\r\n\r\n  <h2>Contenu inaccessible<\/h2>\r\n  <p>\r\n    Le contenu ci-dessous n&#039;est pas accessible pour les raisons suivantes :\r\n  <\/p>\r\n  <ul>\r\n    <li>\r\n      <strong>Images:<\/strong> Certaines images ne sont pas \u00e9tiquet\u00e9es ou ont une alternative textuelle g\u00e9n\u00e9rique [exigence num\u00e9ro 9.1.1.1 de la norme UNE-EN 301549:2019 Contenu non textuel].\r\n    <\/li>\r\n    <li>\r\n      <strong>Vid\u00e9os:<\/strong> Certaines vid\u00e9os enregistr\u00e9es peuvent ne pas contenir de sous-titres [exigence num\u00e9ro 9.1.2.2 de la norme UNE-EN 301549:2019 sous-titres (enregistr\u00e9s)].\r\n    <\/li>\r\n    <li>\r\n      <strong>Vid\u00e9os pr\u00e9enregistr\u00e9es :<\/strong> Certaines vid\u00e9os pr\u00e9enregistr\u00e9es sur le site Web ne disposent pas d&#039;audiodescription ou de m\u00e9dias alternatifs [exigences num\u00e9ros 9.1.2.5 et 9.1.2.3 de la norme UNE-EN 301549:2019 Audiodescription ou m\u00e9dias alternatifs (enregistr\u00e9s)].\r\n    <\/li>\r\n    <li>\r\n      <strong>Structure et informations :<\/strong> Sur certaines pages, les informations, la structure et les relations ne sont pas d\u00e9termin\u00e9es par un logiciel ou n&#039;ont pas d&#039;alternative sous forme de texte [exigence num\u00e9ro 9.1.3.1 de la norme UNE-EN 301549:2019 relative aux informations et aux relations].\r\n    <\/li>\r\n    <li>\r\n      <strong>Utilisation de la couleur :<\/strong> Sur certaines pages, la couleur a \u00e9t\u00e9 utilis\u00e9e comme seul moyen visuel pour transmettre des informations, indiquer une action, provoquer une r\u00e9ponse ou distinguer un \u00e9l\u00e9ment visuel [exigence num\u00e9ro 9.1.4.1 de la norme UNE-EN 301549:2019 utilisation de la couleur].\r\n    <\/li>\r\n    <li>\r\n      <strong>Attributs et identifiants :<\/strong> Sur certaines pages, il peut y avoir des attributs et des identifiants en double [exigence num\u00e9ro 9.4.1.1 de la norme de traitement UNE-EN 301549:2019].\r\n    <\/li>\r\n    <li>\r\n      <strong>Composants de l&#039;interface :<\/strong> Sur certaines pages, les composants de l&#039;interface utilisateur tels que les \u00e9l\u00e9ments de formulaire, les liens et les composants g\u00e9n\u00e9r\u00e9s par des scripts ne suivent pas la structure recommand\u00e9e par les directives d&#039;accessibilit\u00e9 [exigence num\u00e9ro 9.4.1.2 de la norme UNE-EN 301549:2019 Nom, Fonction, Valeur].\r\n    <\/li>\r\n    <li>\r\n      <strong>Identification de l&#039;objectif :<\/strong> Dans certains formulaires, le champ de saisie qui collecte des informations sur l&#039;utilisateur n&#039;a pas de finalit\u00e9 identifi\u00e9e [exigence num\u00e9ro 9.1.3.5 de la norme UNE-EN 301549:2019 identification de la finalit\u00e9 de saisie].\r\n    <\/li>\r\n    <li>\r\n      <strong>Contraste minimum :<\/strong> Sur certaines pages, le rapport de contraste du texte ou des images peut ne pas \u00eatre d&#039;au moins 4,5:1 [exigence num\u00e9ro 9.1.4.3 de la norme de contraste minimum UNE-EN 301549:2019].\r\n    <\/li>\r\n    <li>\r\n      <strong>Contraste des composants :<\/strong> Sur certaines pages, le contraste des composants de l&#039;interface utilisateur et des objets graphiques peut ne pas atteindre 3:1 avec les couleurs adjacentes [exigence num\u00e9ro 9.1.4.11 de la norme UNE-EN 301549:2019 contraste non textuel].\r\n    <\/li>\r\n    <li>\r\n      <strong>Erreur de formulaire\u00a0:<\/strong> Il peut arriver qu&#039;une erreur de saisie se produise dans un champ\/formulaire pour lequel l&#039;utilisateur n&#039;est pas inform\u00e9 de la suggestion pour la r\u00e9soudre [exigence num\u00e9ro 9.3.3.3 de la norme UNE-EN 301549:2019 Suggestion en cas d&#039;erreurs].\r\n    <\/li>\r\n    <li>\r\n      <strong>Messages d&#039;\u00e9tat\u00a0:<\/strong> Sur certaines pages, les messages d&#039;\u00e9tat peuvent ne pas \u00eatre d\u00e9termin\u00e9s par programmation via des fonctions ou des propri\u00e9t\u00e9s [exigence num\u00e9ro 9.4.1.3 de la norme UNE-EN 301549:2019 messages d&#039;\u00e9tat].\r\n    <\/li>\r\n  <\/ul>\r\n\r\n  <h2>Charge disproportionn\u00e9e<\/h2>\r\n  <p>\r\n    Non applicable. Le contenu n&#039;entre pas dans le champ d&#039;application de la l\u00e9gislation applicable. Il peut y avoir des fichiers bureautiques au format PDF ou dans d\u2019autres formats publi\u00e9s avant le 20 septembre 2018 qui ne r\u00e9pondent pas enti\u00e8rement \u00e0 toutes les exigences d\u2019accessibilit\u00e9. Il peut y avoir du contenu tiers qui n&#039;est pas d\u00e9velopp\u00e9 par cette universit\u00e9 ou sous son contr\u00f4le, comme des fichiers de bureau.\r\n  <\/p>\r\n\r\n  <h2>Commentaires et coordonn\u00e9es<\/h2>\r\n  <p>\r\n    Les communications concernant les exigences d&#039;accessibilit\u00e9 (article 10.2.a du d\u00e9cret royal 1112\/2018, du 7 septembre) peuvent \u00eatre effectu\u00e9es via le formulaire de contact \u00e0 :\r\n  <\/p>\r\n  <ul>\r\n    <li>Signalez toute non-conformit\u00e9 potentielle de ce site Web.<\/li>\r\n    <li>Transmettre d&#039;autres difficult\u00e9s d&#039;acc\u00e8s au contenu.<\/li>\r\n    <li>Faites toute autre question ou suggestion d\u2019am\u00e9lioration li\u00e9e \u00e0 l\u2019accessibilit\u00e9 du site Web.<\/li>\r\n  <\/ul>\r\n  <p>\r\n    Les communications seront re\u00e7ues et trait\u00e9es par l\u2019Unit\u00e9 d\u2019accessibilit\u00e9.\r\n  <\/p>\r\n<\/div>\r\n\t\t\t\t<\/div>\n\t\t\t\t<\/div>\n\t\t\t\t\t<\/div>\n\t\t<\/div>\n\t\t\t\t\t<\/div>\n\t\t<\/section>\n\t\t\t\t<\/div>","protected":false},"excerpt":{"rendered":"<p>Declaraci\u00f3n de Accesibilidad El propietario del sitio web se ha comprometido en hacer accesible su sitio web de conformidad con el Real Decreto 1112\/2018, de 7 de septiembre, sobre accesibilidad&hellip;<\/p>","protected":false},"author":1,"featured_media":0,"parent":0,"menu_order":0,"comment_status":"closed","ping_status":"closed","template":"","meta":{"footnotes":""},"class_list":["post-68157","page","type-page","status-publish","hentry"],"yoast_head":"<!-- This site is optimized with the Yoast SEO plugin v25.2 - https:\/\/yoast.com\/wordpress\/plugins\/seo\/ -->\n<title>Accesibilidad | Welfare<\/title>\n<meta name=\"description\" content=\"Declaraci\u00f3n de Accesibilidad El propietario del sitio web se ha comprometido en hacer accesible su sitio web de conformidad con el Real Decreto 1112\/2018,\" \/>\n<meta name=\"robots\" content=\"index, follow, max-snippet:-1, max-image-preview:large, max-video-preview:-1\" \/>\n<link rel=\"canonical\" href=\"https:\/\/welfarecoworking.com\/fr\/accesibilidad\/\" \/>\n<meta property=\"og:locale\" content=\"fr_FR\" \/>\n<meta property=\"og:type\" content=\"article\" \/>\n<meta property=\"og:title\" content=\"Accesibilidad | Welfare\" \/>\n<meta property=\"og:description\" content=\"Declaraci\u00f3n de Accesibilidad El propietario del sitio web se ha comprometido en hacer accesible su sitio web de conformidad con el Real Decreto 1112\/2018,\" \/>\n<meta property=\"og:url\" content=\"https:\/\/welfarecoworking.com\/fr\/accesibilidad\/\" \/>\n<meta property=\"og:site_name\" content=\"Welfare\" \/>\n<meta property=\"article:publisher\" content=\"https:\/\/www.facebook.com\/profile.php?id=100064279053927#\" \/>\n<meta property=\"article:modified_time\" content=\"2025-03-31T17:56:58+00:00\" \/>\n<meta property=\"og:image\" content=\"https:\/\/welfarecoworking.com\/wp-content\/uploads\/2025\/04\/ChatGPT-Image-4-abr-2025-19_24_25-1-1.png\" \/>\n\t<meta property=\"og:image:width\" content=\"1200\" \/>\n\t<meta property=\"og:image:height\" content=\"630\" \/>\n\t<meta property=\"og:image:type\" content=\"image\/png\" \/>\n<meta name=\"twitter:card\" content=\"summary_large_image\" \/>\n<meta name=\"twitter:site\" content=\"@themes_ancora\" \/>\n<meta name=\"twitter:label1\" content=\"Dur\u00e9e de lecture estim\u00e9e\" \/>\n\t<meta name=\"twitter:data1\" content=\"3 minutes\" \/>\n<script type=\"application\/ld+json\" class=\"yoast-schema-graph\">{\"@context\":\"https:\/\/schema.org\",\"@graph\":[{\"@type\":\"WebPage\",\"@id\":\"https:\/\/welfarecoworking.com\/accesibilidad\/\",\"url\":\"https:\/\/welfarecoworking.com\/accesibilidad\/\",\"name\":\"Accesibilidad | Welfare\",\"isPartOf\":{\"@id\":\"https:\/\/welfarecoworking.com\/#website\"},\"datePublished\":\"2025-03-31T17:54:47+00:00\",\"dateModified\":\"2025-03-31T17:56:58+00:00\",\"description\":\"Declaraci\u00f3n de Accesibilidad El propietario del sitio web se ha comprometido en hacer accesible su sitio web de conformidad con el Real Decreto 1112\/2018,\",\"breadcrumb\":{\"@id\":\"https:\/\/welfarecoworking.com\/accesibilidad\/#breadcrumb\"},\"inLanguage\":\"fr-FR\",\"potentialAction\":[{\"@type\":\"ReadAction\",\"target\":[\"https:\/\/welfarecoworking.com\/accesibilidad\/\"]}]},{\"@type\":\"BreadcrumbList\",\"@id\":\"https:\/\/welfarecoworking.com\/accesibilidad\/#breadcrumb\",\"itemListElement\":[{\"@type\":\"ListItem\",\"position\":1,\"name\":\"Portada\",\"item\":\"https:\/\/welfarecoworking.com\/\"},{\"@type\":\"ListItem\",\"position\":2,\"name\":\"Accesibilidad\"}]},{\"@type\":\"WebSite\",\"@id\":\"https:\/\/welfarecoworking.com\/#website\",\"url\":\"https:\/\/welfarecoworking.com\/\",\"name\":\"Welfare Coworking\",\"description\":\"Fitness Health Coworking\",\"publisher\":{\"@id\":\"https:\/\/welfarecoworking.com\/#organization\"},\"potentialAction\":[{\"@type\":\"SearchAction\",\"target\":{\"@type\":\"EntryPoint\",\"urlTemplate\":\"https:\/\/welfarecoworking.com\/?s={search_term_string}\"},\"query-input\":{\"@type\":\"PropertyValueSpecification\",\"valueRequired\":true,\"valueName\":\"search_term_string\"}}],\"inLanguage\":\"fr-FR\"},{\"@type\":\"Organization\",\"@id\":\"https:\/\/welfarecoworking.com\/#organization\",\"name\":\"Welfare Coworking\",\"url\":\"https:\/\/welfarecoworking.com\/\",\"logo\":{\"@type\":\"ImageObject\",\"inLanguage\":\"fr-FR\",\"@id\":\"https:\/\/welfarecoworking.com\/#\/schema\/logo\/image\/\",\"url\":\"https:\/\/welfarecoworking.com\/wp-content\/uploads\/2025\/03\/cropped-favicon-1.png\",\"contentUrl\":\"https:\/\/welfarecoworking.com\/wp-content\/uploads\/2025\/03\/cropped-favicon-1.png\",\"width\":93,\"height\":77,\"caption\":\"Welfare Coworking\"},\"image\":{\"@id\":\"https:\/\/welfarecoworking.com\/#\/schema\/logo\/image\/\"},\"sameAs\":[\"https:\/\/www.facebook.com\/profile.php?id=100064279053927#\",\"https:\/\/x.com\/themes_ancora\"]}]}<\/script>\n<!-- \/ Yoast SEO plugin. -->","yoast_head_json":{"title":"Accesibilidad | Welfare","description":"Declaraci\u00f3n de Accesibilidad El propietario del sitio web se ha comprometido en hacer accesible su sitio web de conformidad con el Real Decreto 1112\/2018,","robots":{"index":"index","follow":"follow","max-snippet":"max-snippet:-1","max-image-preview":"max-image-preview:large","max-video-preview":"max-video-preview:-1"},"canonical":"https:\/\/welfarecoworking.com\/fr\/accesibilidad\/","og_locale":"fr_FR","og_type":"article","og_title":"Accesibilidad | Welfare","og_description":"Declaraci\u00f3n de Accesibilidad El propietario del sitio web se ha comprometido en hacer accesible su sitio web de conformidad con el Real Decreto 1112\/2018,","og_url":"https:\/\/welfarecoworking.com\/fr\/accesibilidad\/","og_site_name":"Welfare","article_publisher":"https:\/\/www.facebook.com\/profile.php?id=100064279053927#","article_modified_time":"2025-03-31T17:56:58+00:00","og_image":[{"width":1200,"height":630,"url":"https:\/\/welfarecoworking.com\/wp-content\/uploads\/2025\/04\/ChatGPT-Image-4-abr-2025-19_24_25-1-1.png","type":"image\/png"}],"twitter_card":"summary_large_image","twitter_site":"@themes_ancora","twitter_misc":{"Dur\u00e9e de lecture estim\u00e9e":"3 minutes"},"schema":{"@context":"https:\/\/schema.org","@graph":[{"@type":"WebPage","@id":"https:\/\/welfarecoworking.com\/accesibilidad\/","url":"https:\/\/welfarecoworking.com\/accesibilidad\/","name":"Accesibilidad | Welfare","isPartOf":{"@id":"https:\/\/welfarecoworking.com\/#website"},"datePublished":"2025-03-31T17:54:47+00:00","dateModified":"2025-03-31T17:56:58+00:00","description":"Declaraci\u00f3n de Accesibilidad El propietario del sitio web se ha comprometido en hacer accesible su sitio web de conformidad con el Real Decreto 1112\/2018,","breadcrumb":{"@id":"https:\/\/welfarecoworking.com\/accesibilidad\/#breadcrumb"},"inLanguage":"fr-FR","potentialAction":[{"@type":"ReadAction","target":["https:\/\/welfarecoworking.com\/accesibilidad\/"]}]},{"@type":"BreadcrumbList","@id":"https:\/\/welfarecoworking.com\/accesibilidad\/#breadcrumb","itemListElement":[{"@type":"ListItem","position":1,"name":"Portada","item":"https:\/\/welfarecoworking.com\/"},{"@type":"ListItem","position":2,"name":"Accesibilidad"}]},{"@type":"WebSite","@id":"https:\/\/welfarecoworking.com\/#website","url":"https:\/\/welfarecoworking.com\/","name":"Welfare Coworking","description":"Fitness Health Coworking","publisher":{"@id":"https:\/\/welfarecoworking.com\/#organization"},"potentialAction":[{"@type":"SearchAction","target":{"@type":"EntryPoint","urlTemplate":"https:\/\/welfarecoworking.com\/?s={search_term_string}"},"query-input":{"@type":"PropertyValueSpecification","valueRequired":true,"valueName":"search_term_string"}}],"inLanguage":"fr-FR"},{"@type":"Organization","@id":"https:\/\/welfarecoworking.com\/#organization","name":"Welfare Coworking","url":"https:\/\/welfarecoworking.com\/","logo":{"@type":"ImageObject","inLanguage":"fr-FR","@id":"https:\/\/welfarecoworking.com\/#\/schema\/logo\/image\/","url":"https:\/\/welfarecoworking.com\/wp-content\/uploads\/2025\/03\/cropped-favicon-1.png","contentUrl":"https:\/\/welfarecoworking.com\/wp-content\/uploads\/2025\/03\/cropped-favicon-1.png","width":93,"height":77,"caption":"Welfare Coworking"},"image":{"@id":"https:\/\/welfarecoworking.com\/#\/schema\/logo\/image\/"},"sameAs":["https:\/\/www.facebook.com\/profile.php?id=100064279053927#","https:\/\/x.com\/themes_ancora"]}]}},"_links":{"self":[{"href":"https:\/\/welfarecoworking.com\/fr\/wp-json\/wp\/v2\/pages\/68157","targetHints":{"allow":["GET"]}}],"collection":[{"href":"https:\/\/welfarecoworking.com\/fr\/wp-json\/wp\/v2\/pages"}],"about":[{"href":"https:\/\/welfarecoworking.com\/fr\/wp-json\/wp\/v2\/types\/page"}],"author":[{"embeddable":true,"href":"https:\/\/welfarecoworking.com\/fr\/wp-json\/wp\/v2\/users\/1"}],"replies":[{"embeddable":true,"href":"https:\/\/welfarecoworking.com\/fr\/wp-json\/wp\/v2\/comments?post=68157"}],"version-history":[{"count":0,"href":"https:\/\/welfarecoworking.com\/fr\/wp-json\/wp\/v2\/pages\/68157\/revisions"}],"wp:attachment":[{"href":"https:\/\/welfarecoworking.com\/fr\/wp-json\/wp\/v2\/media?parent=68157"}],"curies":[{"name":"wp","href":"https:\/\/api.w.org\/{rel}","templated":true}]}}