{"id":68157,"date":"2025-03-31T17:54:47","date_gmt":"2025-03-31T17:54:47","guid":{"rendered":"https:\/\/welfarecoworking.com\/?page_id=68157"},"modified":"2025-03-31T17:56:58","modified_gmt":"2025-03-31T17:56:58","slug":"accesibilidad","status":"publish","type":"page","link":"https:\/\/welfarecoworking.com\/pt\/accesibilidad\/","title":{"rendered":"Acessibilidade"},"content":{"rendered":"<div data-elementor-type=\"wp-page\" data-elementor-id=\"68157\" class=\"elementor elementor-68157\" data-elementor-post-type=\"page\">\n\t\t\t\t\t\t<section class=\"elementor-section elementor-top-section elementor-element elementor-element-7ef86bc8 elementor-section-boxed elementor-section-height-default elementor-section-height-default sc_fly_static\" data-id=\"7ef86bc8\" data-element_type=\"section\" data-e-type=\"section\">\n\t\t\t\t\t\t<div class=\"elementor-container elementor-column-gap-extended\">\n\t\t\t\t\t<div class=\"elementor-column elementor-col-100 elementor-top-column elementor-element elementor-element-19372eea sc_content_align_inherit sc_layouts_column_icons_position_left sc_fly_static\" data-id=\"19372eea\" data-element_type=\"column\" data-e-type=\"column\">\n\t\t\t<div class=\"elementor-widget-wrap elementor-element-populated\">\n\t\t\t\t\t\t<div class=\"elementor-element elementor-element-690b98ed sc_fly_static elementor-widget elementor-widget-spacer\" data-id=\"690b98ed\" data-element_type=\"widget\" data-e-type=\"widget\" data-widget_type=\"spacer.default\">\n\t\t\t\t<div class=\"elementor-widget-container\">\n\t\t\t\t\t\t\t<div class=\"elementor-spacer\">\n\t\t\t<div class=\"elementor-spacer-inner\"><\/div>\n\t\t<\/div>\n\t\t\t\t\t\t<\/div>\n\t\t\t\t<\/div>\n\t\t\t\t\t<\/div>\n\t\t<\/div>\n\t\t\t\t\t<\/div>\n\t\t<\/section>\n\t\t\t\t<section class=\"elementor-section elementor-top-section elementor-element elementor-element-0a1960d elementor-section-boxed elementor-section-height-default elementor-section-height-default sc_fly_static\" data-id=\"0a1960d\" data-element_type=\"section\" data-e-type=\"section\">\n\t\t\t\t\t\t<div class=\"elementor-container elementor-column-gap-extended\">\n\t\t\t\t\t<div class=\"elementor-column elementor-col-100 elementor-top-column elementor-element elementor-element-a0212a6 sc_content_align_inherit sc_layouts_column_icons_position_left sc_fly_static\" data-id=\"a0212a6\" data-element_type=\"column\" data-e-type=\"column\">\n\t\t\t<div class=\"elementor-widget-wrap elementor-element-populated\">\n\t\t\t\t\t\t<div class=\"elementor-element elementor-element-59e4e98 sc_fly_static elementor-widget elementor-widget-html\" data-id=\"59e4e98\" data-element_type=\"widget\" data-e-type=\"widget\" data-widget_type=\"html.default\">\n\t\t\t\t<div class=\"elementor-widget-container\">\n\t\t\t\t\t<div class=\"accesibilidad\">\r\n  <h1>Declara\u00e7\u00e3o de Acessibilidade<\/h1>\r\n  <p>\r\n    O titular do site comprometeu-se a tornar o seu site acess\u00edvel em conformidade com o Real Decreto 1112\/2018, de 7 de setembro, relativo \u00e0 acessibilidade de sites e aplica\u00e7\u00f5es para dispositivos m\u00f3veis no setor p\u00fablico (doravante, Real Decreto 1112\/2018, de 7 de setembro), que transp\u00f5e a Diretiva (UE) 2016\/2102 do Parlamento Europeu e do Conselho, de 26 de outubro de 2016. Esta declara\u00e7\u00e3o aplica-se a este site, um subdom\u00ednio do site institucional upc.edu.\r\n  <\/p>\r\n\r\n  <h2>Status de conformidade<\/h2>\r\n  <p>\r\n    Este site est\u00e1 parcialmente em conformidade com o Real Decreto 1112\/2018, de 7 de setembro, devido \u00e0s exce\u00e7\u00f5es e incumprimentos dos aspetos indicados abaixo.\r\n  <\/p>\r\n\r\n  <h2>Conte\u00fado inacess\u00edvel<\/h2>\r\n  <p>\r\n    O conte\u00fado abaixo n\u00e3o est\u00e1 acess\u00edvel pelos seguintes motivos:\r\n  <\/p>\r\n  <ul>\r\n    <li>\r\n      <strong>Imagens:<\/strong> Algumas imagens n\u00e3o s\u00e3o rotuladas ou t\u00eam uma alternativa de texto gen\u00e9rica [requisito n\u00famero 9.1.1.1 da norma UNE-EN 301549:2019 Conte\u00fado n\u00e3o textual].\r\n    <\/li>\r\n    <li>\r\n      <strong>V\u00eddeos:<\/strong> Alguns v\u00eddeos gravados podem n\u00e3o conter legendas [requisito n\u00famero 9.1.2.2 da norma UNE-EN 301549:2019 legendas (gravadas)].\r\n    <\/li>\r\n    <li>\r\n      <strong>V\u00eddeos pr\u00e9-gravados:<\/strong> Alguns v\u00eddeos pr\u00e9-gravados no site n\u00e3o possuem audiodescri\u00e7\u00e3o ou m\u00eddia alternativa [requisitos n\u00fameros 9.1.2.5 e 9.1.2.3 da norma UNE-EN 301549:2019 Audiodescri\u00e7\u00e3o ou m\u00eddia alternativa (gravada)].\r\n    <\/li>\r\n    <li>\r\n      <strong>Estrutura e Informa\u00e7\u00e3o:<\/strong> Em algumas p\u00e1ginas, as informa\u00e7\u00f5es, a estrutura e os relacionamentos n\u00e3o s\u00e3o determinados pelo software ou n\u00e3o t\u00eam alternativa como texto [requisito n\u00famero 9.1.3.1 da UNE-EN 301549:2019 para informa\u00e7\u00f5es e relacionamentos].\r\n    <\/li>\r\n    <li>\r\n      <strong>Uso da cor:<\/strong> Em algumas p\u00e1ginas, a cor foi usada como \u00fanico meio visual para transmitir informa\u00e7\u00f5es, indicar uma a\u00e7\u00e3o, provocar uma resposta ou distinguir um elemento visual [requisito n\u00famero 9.1.4.1 da norma UNE-EN 301549:2019 sobre uso de cores].\r\n    <\/li>\r\n    <li>\r\n      <strong>Atributos e Identificadores:<\/strong> Em algumas p\u00e1ginas pode haver atributos e identificadores duplicados [requisito n\u00famero 9.4.1.1 da norma de processamento UNE-EN 301549:2019].\r\n    <\/li>\r\n    <li>\r\n      <strong>Componentes da interface:<\/strong> Em algumas p\u00e1ginas, componentes da interface do usu\u00e1rio, como elementos de formul\u00e1rio, links e componentes gerados por script, n\u00e3o seguem a estrutura recomendada pelas diretrizes de acessibilidade [requisito n\u00famero 9.4.1.2 da UNE-EN 301549:2019 Nome, Fun\u00e7\u00e3o, Valor].\r\n    <\/li>\r\n    <li>\r\n      <strong>Identifica\u00e7\u00e3o da finalidade:<\/strong> Em alguns formul\u00e1rios, o campo de entrada que coleta informa\u00e7\u00f5es sobre o usu\u00e1rio n\u00e3o tem uma finalidade identificada [requisito n\u00famero 9.1.3.5 da norma UNE-EN 301549:2019 identifica\u00e7\u00e3o da finalidade da entrada].\r\n    <\/li>\r\n    <li>\r\n      <strong>Contraste m\u00ednimo:<\/strong> Em algumas p\u00e1ginas, a taxa de contraste no texto ou nas imagens pode n\u00e3o ser de pelo menos 4,5:1 [requisito n\u00famero 9.1.4.3 da norma de contraste m\u00ednimo UNE-EN 301549:2019].\r\n    <\/li>\r\n    <li>\r\n      <strong>Contraste de componentes:<\/strong> Em algumas p\u00e1ginas, o contraste dos componentes da interface do usu\u00e1rio e dos objetos gr\u00e1ficos pode n\u00e3o atingir 3:1 com cores adjacentes [requisito n\u00famero 9.1.4.11 da norma UNE-EN 301549:2019 contraste n\u00e3o textual].\r\n    <\/li>\r\n    <li>\r\n      <strong>Erro de formul\u00e1rio:<\/strong> Ocasionalmente, pode ocorrer um erro de entrada em um campo\/formul\u00e1rio para o qual o usu\u00e1rio n\u00e3o \u00e9 notificado da sugest\u00e3o de solu\u00e7\u00e3o [requisito n\u00famero 9.3.3.3 da norma UNE-EN 301549:2019 Sugest\u00e3o em caso de erros].\r\n    <\/li>\r\n    <li>\r\n      <strong>Mensagens de status:<\/strong> Em algumas p\u00e1ginas, as mensagens de status podem n\u00e3o ser determinadas programaticamente por meio de fun\u00e7\u00f5es ou propriedades [requisito n\u00famero 9.4.1.3 das mensagens de status padr\u00e3o UNE-EN 301549:2019].\r\n    <\/li>\r\n  <\/ul>\r\n\r\n  <h2>Fardo desproporcional<\/h2>\r\n  <p>\r\n    N\u00e3o aplic\u00e1vel. O conte\u00fado n\u00e3o se enquadra no \u00e2mbito da legisla\u00e7\u00e3o aplic\u00e1vel. Pode haver arquivos do Office em PDF ou outros formatos publicados antes de 20 de setembro de 2018 que n\u00e3o atendem totalmente a todos os requisitos de acessibilidade. Pode haver conte\u00fado de terceiros que n\u00e3o \u00e9 desenvolvido por esta Universidade ou n\u00e3o est\u00e1 sob seu controle, como arquivos de escrit\u00f3rio.\r\n  <\/p>\r\n\r\n  <h2>Coment\u00e1rios e informa\u00e7\u00f5es de contato<\/h2>\r\n  <p>\r\n    As comunica\u00e7\u00f5es relativas aos requisitos de acessibilidade (artigo 10.2.a do Real Decreto 1112\/2018, de 7 de setembro) podem ser realizadas atrav\u00e9s do formul\u00e1rio de contacto para:\r\n  <\/p>\r\n  <ul>\r\n    <li>Relate qualquer potencial n\u00e3o conformidade deste site.<\/li>\r\n    <li>Transmitir outras dificuldades de acesso ao conte\u00fado.<\/li>\r\n    <li>Fa\u00e7a quaisquer outras perguntas ou sugest\u00f5es de melhorias relacionadas \u00e0 acessibilidade do site.<\/li>\r\n  <\/ul>\r\n  <p>\r\n    As comunica\u00e7\u00f5es ser\u00e3o recebidas e processadas pela Unidade de Acessibilidade.\r\n  <\/p>\r\n<\/div>\r\n\t\t\t\t<\/div>\n\t\t\t\t<\/div>\n\t\t\t\t\t<\/div>\n\t\t<\/div>\n\t\t\t\t\t<\/div>\n\t\t<\/section>\n\t\t\t\t<\/div>","protected":false},"excerpt":{"rendered":"<p>Declaraci\u00f3n de Accesibilidad El propietario del sitio web se ha comprometido en hacer accesible su sitio web de conformidad con el Real Decreto 1112\/2018, de 7 de septiembre, sobre accesibilidad&hellip;<\/p>","protected":false},"author":1,"featured_media":0,"parent":0,"menu_order":0,"comment_status":"closed","ping_status":"closed","template":"","meta":{"footnotes":""},"class_list":["post-68157","page","type-page","status-publish","hentry"],"yoast_head":"<!-- This site is optimized with the Yoast SEO plugin v25.2 - https:\/\/yoast.com\/wordpress\/plugins\/seo\/ -->\n<title>Accesibilidad | Welfare<\/title>\n<meta name=\"description\" content=\"Declaraci\u00f3n de Accesibilidad El propietario del sitio web se ha comprometido en hacer accesible su sitio web de conformidad con el Real Decreto 1112\/2018,\" \/>\n<meta name=\"robots\" content=\"index, follow, max-snippet:-1, max-image-preview:large, max-video-preview:-1\" \/>\n<link rel=\"canonical\" href=\"https:\/\/welfarecoworking.com\/pt\/accesibilidad\/\" \/>\n<meta property=\"og:locale\" content=\"pt_PT\" \/>\n<meta property=\"og:type\" content=\"article\" \/>\n<meta property=\"og:title\" content=\"Accesibilidad | Welfare\" \/>\n<meta property=\"og:description\" content=\"Declaraci\u00f3n de Accesibilidad El propietario del sitio web se ha comprometido en hacer accesible su sitio web de conformidad con el Real Decreto 1112\/2018,\" \/>\n<meta property=\"og:url\" content=\"https:\/\/welfarecoworking.com\/pt\/accesibilidad\/\" \/>\n<meta property=\"og:site_name\" content=\"Welfare\" \/>\n<meta property=\"article:publisher\" content=\"https:\/\/www.facebook.com\/profile.php?id=100064279053927#\" \/>\n<meta property=\"article:modified_time\" content=\"2025-03-31T17:56:58+00:00\" \/>\n<meta property=\"og:image\" content=\"https:\/\/welfarecoworking.com\/wp-content\/uploads\/2025\/04\/ChatGPT-Image-4-abr-2025-19_24_25-1-1.png\" \/>\n\t<meta property=\"og:image:width\" content=\"1200\" \/>\n\t<meta property=\"og:image:height\" content=\"630\" \/>\n\t<meta property=\"og:image:type\" content=\"image\/png\" \/>\n<meta name=\"twitter:card\" content=\"summary_large_image\" \/>\n<meta name=\"twitter:site\" content=\"@themes_ancora\" \/>\n<meta name=\"twitter:label1\" content=\"Tempo estimado de leitura\" \/>\n\t<meta name=\"twitter:data1\" content=\"3 minutos\" \/>\n<script type=\"application\/ld+json\" class=\"yoast-schema-graph\">{\"@context\":\"https:\/\/schema.org\",\"@graph\":[{\"@type\":\"WebPage\",\"@id\":\"https:\/\/welfarecoworking.com\/accesibilidad\/\",\"url\":\"https:\/\/welfarecoworking.com\/accesibilidad\/\",\"name\":\"Accesibilidad | Welfare\",\"isPartOf\":{\"@id\":\"https:\/\/welfarecoworking.com\/#website\"},\"datePublished\":\"2025-03-31T17:54:47+00:00\",\"dateModified\":\"2025-03-31T17:56:58+00:00\",\"description\":\"Declaraci\u00f3n de Accesibilidad El propietario del sitio web se ha comprometido en hacer accesible su sitio web de conformidad con el Real Decreto 1112\/2018,\",\"breadcrumb\":{\"@id\":\"https:\/\/welfarecoworking.com\/accesibilidad\/#breadcrumb\"},\"inLanguage\":\"pt-PT\",\"potentialAction\":[{\"@type\":\"ReadAction\",\"target\":[\"https:\/\/welfarecoworking.com\/accesibilidad\/\"]}]},{\"@type\":\"BreadcrumbList\",\"@id\":\"https:\/\/welfarecoworking.com\/accesibilidad\/#breadcrumb\",\"itemListElement\":[{\"@type\":\"ListItem\",\"position\":1,\"name\":\"Portada\",\"item\":\"https:\/\/welfarecoworking.com\/\"},{\"@type\":\"ListItem\",\"position\":2,\"name\":\"Accesibilidad\"}]},{\"@type\":\"WebSite\",\"@id\":\"https:\/\/welfarecoworking.com\/#website\",\"url\":\"https:\/\/welfarecoworking.com\/\",\"name\":\"Welfare Coworking\",\"description\":\"Fitness Health Coworking\",\"publisher\":{\"@id\":\"https:\/\/welfarecoworking.com\/#organization\"},\"potentialAction\":[{\"@type\":\"SearchAction\",\"target\":{\"@type\":\"EntryPoint\",\"urlTemplate\":\"https:\/\/welfarecoworking.com\/?s={search_term_string}\"},\"query-input\":{\"@type\":\"PropertyValueSpecification\",\"valueRequired\":true,\"valueName\":\"search_term_string\"}}],\"inLanguage\":\"pt-PT\"},{\"@type\":\"Organization\",\"@id\":\"https:\/\/welfarecoworking.com\/#organization\",\"name\":\"Welfare Coworking\",\"url\":\"https:\/\/welfarecoworking.com\/\",\"logo\":{\"@type\":\"ImageObject\",\"inLanguage\":\"pt-PT\",\"@id\":\"https:\/\/welfarecoworking.com\/#\/schema\/logo\/image\/\",\"url\":\"https:\/\/welfarecoworking.com\/wp-content\/uploads\/2025\/03\/cropped-favicon-1.png\",\"contentUrl\":\"https:\/\/welfarecoworking.com\/wp-content\/uploads\/2025\/03\/cropped-favicon-1.png\",\"width\":93,\"height\":77,\"caption\":\"Welfare Coworking\"},\"image\":{\"@id\":\"https:\/\/welfarecoworking.com\/#\/schema\/logo\/image\/\"},\"sameAs\":[\"https:\/\/www.facebook.com\/profile.php?id=100064279053927#\",\"https:\/\/x.com\/themes_ancora\"]}]}<\/script>\n<!-- \/ Yoast SEO plugin. -->","yoast_head_json":{"title":"Accesibilidad | Welfare","description":"Declaraci\u00f3n de Accesibilidad El propietario del sitio web se ha comprometido en hacer accesible su sitio web de conformidad con el Real Decreto 1112\/2018,","robots":{"index":"index","follow":"follow","max-snippet":"max-snippet:-1","max-image-preview":"max-image-preview:large","max-video-preview":"max-video-preview:-1"},"canonical":"https:\/\/welfarecoworking.com\/pt\/accesibilidad\/","og_locale":"pt_PT","og_type":"article","og_title":"Accesibilidad | Welfare","og_description":"Declaraci\u00f3n de Accesibilidad El propietario del sitio web se ha comprometido en hacer accesible su sitio web de conformidad con el Real Decreto 1112\/2018,","og_url":"https:\/\/welfarecoworking.com\/pt\/accesibilidad\/","og_site_name":"Welfare","article_publisher":"https:\/\/www.facebook.com\/profile.php?id=100064279053927#","article_modified_time":"2025-03-31T17:56:58+00:00","og_image":[{"width":1200,"height":630,"url":"https:\/\/welfarecoworking.com\/wp-content\/uploads\/2025\/04\/ChatGPT-Image-4-abr-2025-19_24_25-1-1.png","type":"image\/png"}],"twitter_card":"summary_large_image","twitter_site":"@themes_ancora","twitter_misc":{"Tempo estimado de leitura":"3 minutos"},"schema":{"@context":"https:\/\/schema.org","@graph":[{"@type":"WebPage","@id":"https:\/\/welfarecoworking.com\/accesibilidad\/","url":"https:\/\/welfarecoworking.com\/accesibilidad\/","name":"Accesibilidad | Welfare","isPartOf":{"@id":"https:\/\/welfarecoworking.com\/#website"},"datePublished":"2025-03-31T17:54:47+00:00","dateModified":"2025-03-31T17:56:58+00:00","description":"Declaraci\u00f3n de Accesibilidad El propietario del sitio web se ha comprometido en hacer accesible su sitio web de conformidad con el Real Decreto 1112\/2018,","breadcrumb":{"@id":"https:\/\/welfarecoworking.com\/accesibilidad\/#breadcrumb"},"inLanguage":"pt-PT","potentialAction":[{"@type":"ReadAction","target":["https:\/\/welfarecoworking.com\/accesibilidad\/"]}]},{"@type":"BreadcrumbList","@id":"https:\/\/welfarecoworking.com\/accesibilidad\/#breadcrumb","itemListElement":[{"@type":"ListItem","position":1,"name":"Portada","item":"https:\/\/welfarecoworking.com\/"},{"@type":"ListItem","position":2,"name":"Accesibilidad"}]},{"@type":"WebSite","@id":"https:\/\/welfarecoworking.com\/#website","url":"https:\/\/welfarecoworking.com\/","name":"Welfare Coworking","description":"Fitness Health Coworking","publisher":{"@id":"https:\/\/welfarecoworking.com\/#organization"},"potentialAction":[{"@type":"SearchAction","target":{"@type":"EntryPoint","urlTemplate":"https:\/\/welfarecoworking.com\/?s={search_term_string}"},"query-input":{"@type":"PropertyValueSpecification","valueRequired":true,"valueName":"search_term_string"}}],"inLanguage":"pt-PT"},{"@type":"Organization","@id":"https:\/\/welfarecoworking.com\/#organization","name":"Welfare Coworking","url":"https:\/\/welfarecoworking.com\/","logo":{"@type":"ImageObject","inLanguage":"pt-PT","@id":"https:\/\/welfarecoworking.com\/#\/schema\/logo\/image\/","url":"https:\/\/welfarecoworking.com\/wp-content\/uploads\/2025\/03\/cropped-favicon-1.png","contentUrl":"https:\/\/welfarecoworking.com\/wp-content\/uploads\/2025\/03\/cropped-favicon-1.png","width":93,"height":77,"caption":"Welfare Coworking"},"image":{"@id":"https:\/\/welfarecoworking.com\/#\/schema\/logo\/image\/"},"sameAs":["https:\/\/www.facebook.com\/profile.php?id=100064279053927#","https:\/\/x.com\/themes_ancora"]}]}},"_links":{"self":[{"href":"https:\/\/welfarecoworking.com\/pt\/wp-json\/wp\/v2\/pages\/68157","targetHints":{"allow":["GET"]}}],"collection":[{"href":"https:\/\/welfarecoworking.com\/pt\/wp-json\/wp\/v2\/pages"}],"about":[{"href":"https:\/\/welfarecoworking.com\/pt\/wp-json\/wp\/v2\/types\/page"}],"author":[{"embeddable":true,"href":"https:\/\/welfarecoworking.com\/pt\/wp-json\/wp\/v2\/users\/1"}],"replies":[{"embeddable":true,"href":"https:\/\/welfarecoworking.com\/pt\/wp-json\/wp\/v2\/comments?post=68157"}],"version-history":[{"count":0,"href":"https:\/\/welfarecoworking.com\/pt\/wp-json\/wp\/v2\/pages\/68157\/revisions"}],"wp:attachment":[{"href":"https:\/\/welfarecoworking.com\/pt\/wp-json\/wp\/v2\/media?parent=68157"}],"curies":[{"name":"wp","href":"https:\/\/api.w.org\/{rel}","templated":true}]}}